{"id":1761,"date":"2025-12-22T01:49:44","date_gmt":"2025-12-22T00:49:44","guid":{"rendered":"https:\/\/geniusai.com.pl\/?page_id=1761"},"modified":"2025-12-28T20:46:18","modified_gmt":"2025-12-28T19:46:18","slug":"o-nas","status":"publish","type":"page","link":"https:\/\/geniusai.com.pl\/en\/o-nas\/","title":{"rendered":"O nas"},"content":{"rendered":"<p style=\"text-align: center;\" data-start=\"863\" data-end=\"1166\">\n            <div \n                class=\"elfsight-widget-faq elfsight-widget\" \n                data-elfsight-faq-options=\"%7B%22displayCategoriesNames%22%3Atrue%2C%22categories%22%3A%5B%7B%22name%22%3A%22Andrzej%20Majewski%22%2C%22icon%22%3A%22chat%22%2C%22items%22%3A%5B%7B%22question%22%3A%22Niezale%5Cu017cny%20instruktor%20IT%20%28freelancer%29%22%2C%22answer%22%3A%22%3Cb%3EJestem%20niezale%5Cu017cnym%20instruktorem%20IT%3C%5C%2Fb%3E%20posiadaj%5Cu0105cym%26nbsp%3Btytu%5Cu0142%26nbsp%3Bmagistra%20in%5Cu017cynierii%20system%5Cu00f3w%20informatycznych%26nbsp%3Boraz%20wieloletnie%20do%5Cu015bwiadczenie%20w%20obszarze%20programowania%2C%20administracji%20systemami%20informatycznymi%20oraz%20instalacji%20i%20konfiguracji%20%5Cu015brodowisk%20systemowych.%20%5Cu0141%5Cu0105cz%5Cu0119%20solidne%20przygotowanie%20akademickie%20z%20praktyczn%5Cu0105%20wiedz%5Cu0105%20techniczn%5Cu0105%20zdobyt%5Cu0105%20w%20pracy%20projektowej%20i%20operacyjnej.%3Cbr%3E%3Cb%3ESpecjalizuj%5Cu0119%3C%5C%2Fb%3E%20si%5Cu0119%20w%26nbsp%3Bpraktycznym%20zastosowaniu%20narz%5Cu0119dzi%20sztucznej%20%5Cninteligencji%20w%20pracy%20technicznej%2C%20w%20szczeg%5Cu00f3lno%5Cu015bci%20w%20automatyzacji%20zada%5Cu0144%2C%5Cn%20analizie%20i%20optymalizacji%20kodu%2C%20wsparciu%20proces%5Cu00f3w%20programistycznych%20oraz%5Cn%20rozwi%5Cu0105zywaniu%20problem%5Cu00f3w%20systemowych%20z%20wykorzystaniem%20AI.%3Cbr%3E%3Cb%3EProwadzone%20przeze%20mnie%20szkolenia%3C%5C%2Fb%3E%20opieraj%5Cu0105%20si%5Cu0119%20na%26nbsp%3Brzeczywistych%20zadaniach%5Cn%20i%20scenariuszach%20zawodowych%2C%20odzwierciedlaj%5Cu0105cych%20codzienn%5Cu0105%20prac%5Cu0119%20w%20%5Cnbran%5Cu017cy%20IT.%20Programy%20szkoleniowe%20koncentruj%5Cu0105%20si%5Cu0119%20na%20rozwijaniu%20%5Cnkompetencji%20praktycznych%2C%20kt%5Cu00f3re%20uczestnicy%20mog%5Cu0105%20bezpo%5Cu015brednio%20wykorzysta%5Cu0107%5Cn%20w%20swojej%20pracy%20zawodowej.%3Cbr%3E%22%7D%5D%7D%5D%2C%22widgetTitle%22%3A%22%22%2C%22layout%22%3A%22accordion%22%2C%22accordionIcon%22%3A%22plus%22%2C%22openFirstQuestionByDefault%22%3Atrue%2C%22multipleActiveQuestions%22%3Afalse%2C%22showSearchBar%22%3Afalse%2C%22template%22%3A%22bg-shadow%22%2C%22itemBackgroundColor%22%3A%22%22%2C%22questionTextColor%22%3A%22%22%2C%22answerTextColor%22%3A%22rgb%28100%2C%20100%2C%20100%29%22%2C%22categoryTextColor%22%3A%22%22%2C%22widgetId%22%3A%228%22%7D\" \n                data-elfsight-faq-version=\"1.4.1\"\n                data-elfsight-widget-id=\"elfsight-faq-8\">\n            <\/div>\n            <\/p>\n<p style=\"text-align: center;\" data-start=\"863\" data-end=\"1166\">\n            <div \n                class=\"elfsight-widget-logo-showcase elfsight-widget\" \n                data-elfsight-logo-showcase-options=\"%7B%22items%22%3A%5B%7B%22file%22%3A%7B%22type%22%3A%22uploaded%22%2C%22data%22%3A%7B%22name%22%3A%224%22%2C%22url%22%3A%22https%3A%5C%2F%5C%2Fgeniusai.com.pl%5C%2Fwp-content%5C%2Fuploads%5C%2F2025%5C%2F12%5C%2F4.png%22%2C%22size%22%3A3607%2C%22type%22%3A%22image%22%2C%22extension%22%3A%22png%22%2C%22width%22%3A120%2C%22height%22%3A80%2C%22ext%22%3A%22png%22%7D%7D%2C%22link%22%3A%22%22%2C%22caption%22%3A%22%22%7D%2C%7B%22file%22%3A%7B%22type%22%3A%22uploaded%22%2C%22data%22%3A%7B%22name%22%3A%225%22%2C%22url%22%3A%22https%3A%5C%2F%5C%2Fgeniusai.com.pl%5C%2Fwp-content%5C%2Fuploads%5C%2F2025%5C%2F12%5C%2F5.png%22%2C%22size%22%3A3055%2C%22type%22%3A%22image%22%2C%22extension%22%3A%22png%22%2C%22width%22%3A120%2C%22height%22%3A80%2C%22ext%22%3A%22png%22%7D%7D%2C%22link%22%3A%22%22%2C%22caption%22%3A%22%22%7D%2C%7B%22file%22%3A%7B%22type%22%3A%22uploaded%22%2C%22data%22%3A%7B%22name%22%3A%226%22%2C%22url%22%3A%22https%3A%5C%2F%5C%2Fgeniusai.com.pl%5C%2Fwp-content%5C%2Fuploads%5C%2F2025%5C%2F12%5C%2F6.png%22%2C%22size%22%3A3673%2C%22type%22%3A%22image%22%2C%22extension%22%3A%22png%22%2C%22width%22%3A120%2C%22height%22%3A80%2C%22ext%22%3A%22png%22%7D%7D%2C%22link%22%3A%22%22%2C%22caption%22%3A%22%22%7D%2C%7B%22file%22%3A%7B%22type%22%3A%22uploaded%22%2C%22data%22%3A%7B%22name%22%3A%221%22%2C%22url%22%3A%22https%3A%5C%2F%5C%2Fgeniusai.com.pl%5C%2Fwp-content%5C%2Fuploads%5C%2F2025%5C%2F12%5C%2F1.png%22%2C%22size%22%3A3290%2C%22type%22%3A%22image%22%2C%22extension%22%3A%22png%22%2C%22width%22%3A120%2C%22height%22%3A80%2C%22ext%22%3A%22png%22%7D%7D%2C%22link%22%3A%22%22%2C%22caption%22%3A%22%22%7D%2C%7B%22file%22%3A%7B%22type%22%3A%22uploaded%22%2C%22data%22%3A%7B%22name%22%3A%222%22%2C%22url%22%3A%22https%3A%5C%2F%5C%2Fgeniusai.com.pl%5C%2Fwp-content%5C%2Fuploads%5C%2F2025%5C%2F12%5C%2F2.png%22%2C%22size%22%3A3865%2C%22type%22%3A%22image%22%2C%22extension%22%3A%22png%22%2C%22width%22%3A120%2C%22height%22%3A80%2C%22ext%22%3A%22png%22%7D%7D%2C%22link%22%3A%22%22%2C%22caption%22%3A%22%22%7D%2C%7B%22file%22%3A%7B%22type%22%3A%22uploaded%22%2C%22data%22%3A%7B%22name%22%3A%223%22%2C%22url%22%3A%22https%3A%5C%2F%5C%2Fgeniusai.com.pl%5C%2Fwp-content%5C%2Fuploads%5C%2F2025%5C%2F12%5C%2F3.png%22%2C%22size%22%3A3728%2C%22type%22%3A%22image%22%2C%22extension%22%3A%22png%22%2C%22width%22%3A120%2C%22height%22%3A80%2C%22ext%22%3A%22png%22%7D%7D%2C%22link%22%3A%22%22%2C%22caption%22%3A%22%22%7D%5D%2C%22headerEnabled%22%3Afalse%2C%22headerTitle%22%3A%22%22%2C%22headerText%22%3A%22%22%2C%22buttonEnabled%22%3Afalse%2C%22buttonLink%22%3A%22%22%2C%22buttonText%22%3A%22Contact%20Us%22%2C%22layout%22%3A%22grid%22%2C%22sliderArrowsEnabled%22%3Atrue%2C%22sliderSwipeEnabled%22%3Atrue%2C%22sliderTransitionDuration%22%3A0.6%2C%22sliderPaginationType%22%3A%22none%22%2C%22sliderAutoSlideEnabled%22%3Afalse%2C%22sliderAutoSlideDelay%22%3A5%2C%22sliderAutoSlidePauseOnHover%22%3Afalse%2C%22sliderElementsColor%22%3A%22rgba%280%2C0%2C0%2C1%29%22%2C%22carouselSpeed%22%3A2000%2C%22carouselPauseOnHover%22%3Afalse%2C%22logoSize%22%3A100%2C%22gutter%22%3A20%2C%22logoSizeTablet%22%3A100%2C%22gutterTablet%22%3A20%2C%22logoSizeMobile%22%3A100%2C%22gutterMobile%22%3A20%2C%22width%22%3A%22auto%22%2C%22targetBlank%22%3Atrue%2C%22backgroundType%22%3A%22color%22%2C%22backgroundColor%22%3Anull%2C%22backgroundImage%22%3Anull%2C%22logoColor%22%3A%22original%22%2C%22logoCustomColor%22%3Anull%2C%22logoBackgroundColor%22%3Anull%2C%22headerTextColor%22%3A%22rgb%2817%2C%2017%2C%2017%29%22%2C%22headerTitleFontSize%22%3A24%2C%22headerTitleFontWeight%22%3A%22normal%22%2C%22headerTextFontSize%22%3A16%2C%22buttonStyle%22%3A%22filled%22%2C%22buttonColor%22%3A%22rgb%2828%2C%2059%2C%20255%29%22%2C%22buttonShape%22%3A4%2C%22buttonFontSize%22%3A16%2C%22widgetId%22%3A%221%22%7D\" \n                data-elfsight-logo-showcase-version=\"1.1.1\"\n                data-elfsight-widget-id=\"elfsight-logo-showcase-1\">\n            <\/div>\n            <\/p>\n<p style=\"text-align: center;\"><strong>Email address:<\/strong> info@geniusai.com.pl<\/p>\n<p style=\"text-align: center;\"><strong>Address:<\/strong> Stefana Dembego 10 02-796\u00a0 Warszawa Polska<\/p>\n<p style=\"text-align: center;\"><a href=\"https:\/\/geniusai.com.pl\/en\/privacy-policy\/\">Privacy Policy<\/a><\/p>\n<p style=\"text-align: center;\"><a style=\"display: inline-block; padding: 12px 24px; background-color: #1c91ff; color: #fff; text-decoration: none; border-radius: 8px; font-size: 16px;\" href=\"https:\/\/geniusai.com.pl\/en\/\">Back to homepage<\/a><\/p>","protected":false},"excerpt":{"rendered":"<p>EMAIL info@geniusai.com.pl ADRES Stefana Dembego 10 02-796\u00a0 Warszawa Polska Polityka Prywatno\u015bci Powr\u00f3t do strony g\u0142\u00f3wnej<\/p>","protected":false},"author":1,"featured_media":0,"parent":0,"menu_order":0,"comment_status":"closed","ping_status":"closed","template":"","meta":{"footnotes":""},"class_list":["post-1761","page","type-page","status-publish","hentry"],"_links":{"self":[{"href":"https:\/\/geniusai.com.pl\/en\/wp-json\/wp\/v2\/pages\/1761","targetHints":{"allow":["GET"]}}],"collection":[{"href":"https:\/\/geniusai.com.pl\/en\/wp-json\/wp\/v2\/pages"}],"about":[{"href":"https:\/\/geniusai.com.pl\/en\/wp-json\/wp\/v2\/types\/page"}],"author":[{"embeddable":true,"href":"https:\/\/geniusai.com.pl\/en\/wp-json\/wp\/v2\/users\/1"}],"replies":[{"embeddable":true,"href":"https:\/\/geniusai.com.pl\/en\/wp-json\/wp\/v2\/comments?post=1761"}],"version-history":[{"count":24,"href":"https:\/\/geniusai.com.pl\/en\/wp-json\/wp\/v2\/pages\/1761\/revisions"}],"predecessor-version":[{"id":1897,"href":"https:\/\/geniusai.com.pl\/en\/wp-json\/wp\/v2\/pages\/1761\/revisions\/1897"}],"wp:attachment":[{"href":"https:\/\/geniusai.com.pl\/en\/wp-json\/wp\/v2\/media?parent=1761"}],"curies":[{"name":"wp","href":"https:\/\/api.w.org\/{rel}","templated":true}]}}