{"id":1759,"date":"2025-12-22T01:49:30","date_gmt":"2025-12-22T00:49:30","guid":{"rendered":"https:\/\/geniusai.com.pl\/?page_id=1759"},"modified":"2025-12-28T20:45:27","modified_gmt":"2025-12-28T19:45:27","slug":"kontakt","status":"publish","type":"page","link":"https:\/\/geniusai.com.pl\/en\/kontakt\/","title":{"rendered":"Contact Us"},"content":{"rendered":"<p style=\"text-align: center;\">\n            <div \n                class=\"elfsight-widget-contact-form elfsight-widget\" \n                data-elfsight-contact-form-options=\"%7B%22ei%22%3A%22%22%2C%22fields%22%3A%5B%7B%22type%22%3A%22text%22%2C%22placeholder%22%3A%22%22%2C%22description%22%3A%22%22%2C%22label%22%3A%22Imi%5Cu0119%20i%20Nazwisko%22%2C%22required%22%3Atrue%2C%22columnWidth%22%3A50%2C%22id%22%3A%22%5Bimi%5Cu0119-i-nazwisko%5D%22%7D%2C%7B%22type%22%3A%22email%22%2C%22label%22%3A%22Email%20%22%2C%22description%22%3A%22%22%2C%22placeholder%22%3A%22%22%2C%22required%22%3Atrue%2C%22columnWidth%22%3A50%2C%22id%22%3A%22%5Bemail-%5D%22%7D%2C%7B%22type%22%3A%22phone%22%2C%22label%22%3A%22Telefon%22%2C%22placeholder%22%3A%22%22%2C%22description%22%3A%22%22%2C%22required%22%3Atrue%2C%22columnWidth%22%3A100%2C%22id%22%3A%22%5Btelefon%5D%22%7D%2C%7B%22type%22%3A%22textarea%22%2C%22label%22%3A%22Wiadomo%5Cu015b%5Cu0107%22%2C%22description%22%3A%22%22%2C%22placeholder%22%3A%22%22%2C%22required%22%3Atrue%2C%22columnWidth%22%3A100%2C%22id%22%3A%22%5Bwiadomo%5Cu015b%5Cu0107%5D%22%7D%5D%2C%22headerActive%22%3Atrue%2C%22headerTitle%22%3A%22Kontakt%20%22%2C%22headerText%22%3A%22Zostaw%20wiadomo%5Cu015b%5Cu0107.%20Odpowiemy%20jak%20najszybciej.%22%2C%22headerPictureUrl%22%3A%22message%22%2C%22footerText%22%3A%22%22%2C%22actionAfterSubmit%22%3A%22message%22%2C%22successMessage%22%3A%22Your%20message%20was%20successfully%20sent%21%20We%20will%20reply%20to%20you%20shortly.%22%2C%22successContinueText%22%3A%22OK%22%2C%22redirectUrl%22%3A%22https%3A%5C%2F%5C%2Fexample.com%22%2C%22submitText%22%3A%22Submit%22%2C%22stepsMessagesDivider%22%3Anull%2C%22stepsMessagesTitle%22%3Anull%2C%22stepsText%22%3A%22step%20%251%20of%20%252%22%2C%22stepBackText%22%3A%22Back%22%2C%22stepNextText%22%3A%22Next%22%2C%22errorMessageAllRequired%22%3A%22Please%2C%20fill%20all%20the%20required%20fields%22%2C%22errorMessageAllIncorrect%22%3A%22Please%2C%20fill%20all%20the%20fields%20correctly%22%2C%22errorMessageSetMailTo%22%3A%22Please%2C%20set%20the%20email%20to%20send%20messages%20to%22%2C%22errorMessageRequiredCaptcha%22%3A%22Please%2C%20enter%20the%20captcha%22%2C%22errorMessageFileSizeLimit%22%3A%22File%20size%20limit%20exceeded%22%2C%22errorMessageFileNotAllowed%22%3A%22File%20extension%20not%20allowed%22%2C%22errorMessageUnknown%22%3A%22Unknown%20error%22%2C%22errorMessageRequired%22%3A%22Required%20field%22%2C%22errorMessageInvalid%22%3A%22Invalid%22%2C%22errorMessageInvalidEmail%22%3A%22Invalid%20email%22%2C%22errorMessageInvalidPhone%22%3A%22Invalid%20phone%20number%22%2C%22errorMessageInvalidUrl%22%3A%22Invalid%20URL%22%2C%22calendarWeekdaysShorthand%22%3A%22Sun%5CnMon%5CnTue%5CnWed%5CnThu%5CnFri%5CnSat%22%2C%22calendarMonthsLonghand%22%3A%22January%5CnFebruary%5CnMarch%5CnApril%5CnMay%5CnJune%5CnJuly%5CnAugust%5CnSeptember%5CnOctober%5CnNovember%5CnDecember%22%2C%22showProgress%22%3Atrue%2C%22recaptchaType%22%3A%22invisible%22%2C%22integrationsGoogleToken%22%3A%22%22%2C%22integrationsGoogleSheetId%22%3A%22%22%2C%22layout%22%3A%22default%22%2C%22floatingIcon%22%3A%22message%22%2C%22floatingText%22%3A%22%22%2C%22floatingPosition%22%3A%22right%22%2C%22width%22%3A%22100%25%22%2C%22style%22%3A%22classic-rounded%22%2C%22mainColor%22%3A%22rgba%2828%2C%20145%2C%20255%2C%201%29%22%2C%22apiUrl%22%3A%22https%3A%5C%2F%5C%2Fgeniusai.com.pl%5C%2Fen%5C%2Fwp-json%5C%2Felfsight-contact-form%5C%2Fapi%22%2C%22recaptchaKeyCheckbox%22%3A%226LfXGHgUAAAAAHNIE_EH7kEI1l4xvf_ynIlg5bfo%22%2C%22recaptchaKeyInvisible%22%3A%226Ld1CXgUAAAAAFTHmixC1Eo-NP7_3ddB1YOj9AfX%22%2C%22widgetId%22%3A%221%22%7D\" \n                data-elfsight-contact-form-version=\"2.3.0\"\n                data-elfsight-widget-id=\"elfsight-contact-form-1\">\n            <\/div>\n            <\/p>\n<p style=\"text-align: center;\"><strong>Email address:<\/strong> info@geniusai.com.pl<\/p>\n<p style=\"text-align: center;\"><strong>Address:<\/strong> Stefana Dembego 10 02-796\u00a0 Warszawa Polska<\/p>\n<p style=\"text-align: center;\"><a style=\"display: inline-block; padding: 12px 24px; background-color: #1c91ff; color: #fff; text-decoration: none; border-radius: 8px; font-size: 16px;\" href=\"https:\/\/geniusai.com.pl\/en\/\">Back to homepage<\/a><\/p>","protected":false},"excerpt":{"rendered":"<p>EMAIL info@geniusai.com.pl ADRES Stefana Dembego 10 02-796\u00a0 Warszawa Polska Powr\u00f3t do strony g\u0142\u00f3wnej<\/p>","protected":false},"author":1,"featured_media":0,"parent":0,"menu_order":0,"comment_status":"closed","ping_status":"closed","template":"","meta":{"footnotes":""},"class_list":["post-1759","page","type-page","status-publish","hentry"],"_links":{"self":[{"href":"https:\/\/geniusai.com.pl\/en\/wp-json\/wp\/v2\/pages\/1759","targetHints":{"allow":["GET"]}}],"collection":[{"href":"https:\/\/geniusai.com.pl\/en\/wp-json\/wp\/v2\/pages"}],"about":[{"href":"https:\/\/geniusai.com.pl\/en\/wp-json\/wp\/v2\/types\/page"}],"author":[{"embeddable":true,"href":"https:\/\/geniusai.com.pl\/en\/wp-json\/wp\/v2\/users\/1"}],"replies":[{"embeddable":true,"href":"https:\/\/geniusai.com.pl\/en\/wp-json\/wp\/v2\/comments?post=1759"}],"version-history":[{"count":7,"href":"https:\/\/geniusai.com.pl\/en\/wp-json\/wp\/v2\/pages\/1759\/revisions"}],"predecessor-version":[{"id":1896,"href":"https:\/\/geniusai.com.pl\/en\/wp-json\/wp\/v2\/pages\/1759\/revisions\/1896"}],"wp:attachment":[{"href":"https:\/\/geniusai.com.pl\/en\/wp-json\/wp\/v2\/media?parent=1759"}],"curies":[{"name":"wp","href":"https:\/\/api.w.org\/{rel}","templated":true}]}}